{"id":59,"date":"2020-02-22T01:08:47","date_gmt":"2020-02-22T01:08:47","guid":{"rendered":"https:\/\/thomasruckli.ch\/?page_id=59"},"modified":"2020-04-19T18:23:14","modified_gmt":"2020-04-19T17:23:14","slug":"home","status":"publish","type":"page","link":"https:\/\/thomasruckli.ch\/de\/","title":{"rendered":"Home"},"content":{"rendered":"<div data-elementor-type=\"wp-page\" data-elementor-id=\"59\" class=\"elementor elementor-59\">\n\t\t\t\t\t\t\t\t\t<section class=\"elementor-section elementor-top-section elementor-element elementor-element-abfcbf8 elementor-section-boxed elementor-section-height-default elementor-section-height-default\" data-id=\"abfcbf8\" data-element_type=\"section\">\n\t\t\t\t\t\t<div class=\"elementor-container elementor-column-gap-default\">\n\t\t\t\t\t<div class=\"elementor-column elementor-col-100 elementor-top-column elementor-element elementor-element-c89dc56\" data-id=\"c89dc56\" data-element_type=\"column\">\n\t\t\t<div class=\"elementor-widget-wrap elementor-element-populated\">\n\t\t\t\t\t\t\t\t<div class=\"elementor-element elementor-element-e4374e8 elementor-widget elementor-widget-heading\" data-id=\"e4374e8\" data-element_type=\"widget\" data-widget_type=\"heading.default\">\n\t\t\t\t<div class=\"elementor-widget-container\">\n\t\t\t<h2 class=\"elementor-heading-title elementor-size-xxl\">Herzlich willkommen!<\/h2>\t\t<\/div>\n\t\t\t\t<\/div>\n\t\t\t\t\t<\/div>\n\t\t<\/div>\n\t\t\t\t\t\t\t<\/div>\n\t\t<\/section>\n\t\t\t\t<section class=\"elementor-section elementor-top-section elementor-element elementor-element-09a77d1 elementor-section-boxed elementor-section-height-default elementor-section-height-default\" data-id=\"09a77d1\" data-element_type=\"section\">\n\t\t\t\t\t\t<div class=\"elementor-container elementor-column-gap-default\">\n\t\t\t\t\t<div class=\"elementor-column elementor-col-100 elementor-top-column elementor-element elementor-element-90c014a\" data-id=\"90c014a\" data-element_type=\"column\">\n\t\t\t<div class=\"elementor-widget-wrap elementor-element-populated\">\n\t\t\t\t\t\t\t\t<div class=\"elementor-element elementor-element-1f0dd43 elementor-widget elementor-widget-spacer\" data-id=\"1f0dd43\" data-element_type=\"widget\" data-widget_type=\"spacer.default\">\n\t\t\t\t<div class=\"elementor-widget-container\">\n\t\t\t\t\t<div class=\"elementor-spacer\">\n\t\t\t<div class=\"elementor-spacer-inner\"><\/div>\n\t\t<\/div>\n\t\t\t\t<\/div>\n\t\t\t\t<\/div>\n\t\t\t\t\t<\/div>\n\t\t<\/div>\n\t\t\t\t\t\t\t<\/div>\n\t\t<\/section>\n\t\t\t\t<section class=\"elementor-section elementor-top-section elementor-element elementor-element-eb5f6f5 elementor-section-boxed elementor-section-height-default elementor-section-height-default\" data-id=\"eb5f6f5\" data-element_type=\"section\">\n\t\t\t\t\t\t<div class=\"elementor-container elementor-column-gap-default\">\n\t\t\t\t\t<div class=\"elementor-column elementor-col-100 elementor-top-column elementor-element elementor-element-476e992\" data-id=\"476e992\" data-element_type=\"column\">\n\t\t\t<div class=\"elementor-widget-wrap elementor-element-populated\">\n\t\t\t\t\t\t\t\t<div class=\"elementor-element elementor-element-818c088 elementor-widget elementor-widget-text-editor\" data-id=\"818c088\" data-element_type=\"widget\" data-widget_type=\"text-editor.default\">\n\t\t\t\t<div class=\"elementor-widget-container\">\n\t\t\t\t\t\t\t<p style=\"text-align: center;\"><span style=\"color: #ffffff;\">Es freut mich, dich auf meiner Website begr\u00fc\u00dfen zu d\u00fcrfen!<\/span><\/p><p style=\"text-align: center;\"><span style=\"color: #ffffff;\">Mein Name ist Thomas Ruckli. Hier lade ich dich dazu ein,<\/span><br \/><span style=\"color: #ffffff;\">meine gr\u00f6\u00dfte Leidenschaft zu entdecken:<br \/>die Fotografie. <\/span><br \/><span style=\"color: #ffffff;\">Entdecke die Sch\u00f6nheit und Einzigartigkeit unserer Welt mit meinen Fotos!<\/span><\/p><p style=\"text-align: center;\"><span style=\"color: #ffffff;\">Mit meinem Fokus auf Naturfotografie<\/span><br \/><span style=\"color: #ffffff;\">m\u00f6chte ich auf die Sch\u00f6nheit,\naber auch die Fragilit\u00e4t unserer Umwelt aufmerksam machen<\/span><br \/><span style=\"color: #ffffff;\">und f\u00fcr deren Schutz sensibilisieren.<br \/><\/span><\/p><blockquote><p style=\"text-align: center;\"><span style=\"color: #ffffff;\">Die Natur braucht uns Menschen nicht \u2013 wir Menschen brauchen die Natur<\/span><\/p><\/blockquote><p style=\"text-align: center;\"><span style=\"color: #ffffff;\">In diesem Sinne w\u00fcnsche ich dir viel Spa\u00df beim Durchst\u00f6bern meiner Galerie!<\/span><\/p>\t\t\t\t\t\t<\/div>\n\t\t\t\t<\/div>\n\t\t\t\t\t<\/div>\n\t\t<\/div>\n\t\t\t\t\t\t\t<\/div>\n\t\t<\/section>\n\t\t\t\t<section class=\"elementor-section elementor-top-section elementor-element elementor-element-ef3b068 elementor-section-boxed elementor-section-height-default elementor-section-height-default\" data-id=\"ef3b068\" data-element_type=\"section\">\n\t\t\t\t\t\t<div class=\"elementor-container elementor-column-gap-default\">\n\t\t\t\t\t<div class=\"elementor-column elementor-col-100 elementor-top-column elementor-element elementor-element-ba0faf9\" data-id=\"ba0faf9\" data-element_type=\"column\">\n\t\t\t<div class=\"elementor-widget-wrap elementor-element-populated\">\n\t\t\t\t\t\t\t\t<div class=\"elementor-element elementor-element-06e1c52 elementor-widget elementor-widget-spacer\" data-id=\"06e1c52\" data-element_type=\"widget\" data-widget_type=\"spacer.default\">\n\t\t\t\t<div class=\"elementor-widget-container\">\n\t\t\t\t\t<div class=\"elementor-spacer\">\n\t\t\t<div class=\"elementor-spacer-inner\"><\/div>\n\t\t<\/div>\n\t\t\t\t<\/div>\n\t\t\t\t<\/div>\n\t\t\t\t\t<\/div>\n\t\t<\/div>\n\t\t\t\t\t\t\t<\/div>\n\t\t<\/section>\n\t\t\t\t<section class=\"elementor-section elementor-top-section elementor-element elementor-element-8204513 elementor-section-boxed elementor-section-height-default elementor-section-height-default\" data-id=\"8204513\" data-element_type=\"section\">\n\t\t\t\t\t\t<div class=\"elementor-container elementor-column-gap-default\">\n\t\t\t\t\t<div class=\"elementor-column elementor-col-100 elementor-top-column elementor-element elementor-element-dea3f77\" data-id=\"dea3f77\" data-element_type=\"column\">\n\t\t\t<div class=\"elementor-widget-wrap elementor-element-populated\">\n\t\t\t\t\t\t\t\t<div class=\"elementor-element elementor-element-3cb1f58 elementor-widget elementor-widget-heading\" data-id=\"3cb1f58\" data-element_type=\"widget\" data-widget_type=\"heading.default\">\n\t\t\t\t<div class=\"elementor-widget-container\">\n\t\t\t<h2 class=\"elementor-heading-title elementor-size-xl\"><a href=\"https:\/\/thomasruckli.ch\/de\/gallery\/\">Galerie<\/a><\/h2>\t\t<\/div>\n\t\t\t\t<\/div>\n\t\t\t\t\t<\/div>\n\t\t<\/div>\n\t\t\t\t\t\t\t<\/div>\n\t\t<\/section>\n\t\t\t\t<section class=\"elementor-section elementor-top-section elementor-element elementor-element-0104c13 elementor-section-boxed elementor-section-height-default elementor-section-height-default\" data-id=\"0104c13\" data-element_type=\"section\">\n\t\t\t\t\t\t<div class=\"elementor-container elementor-column-gap-default\">\n\t\t\t\t\t<div class=\"elementor-column elementor-col-100 elementor-top-column elementor-element elementor-element-6630b57\" data-id=\"6630b57\" data-element_type=\"column\">\n\t\t\t<div class=\"elementor-widget-wrap elementor-element-populated\">\n\t\t\t\t\t\t\t\t<div class=\"elementor-element elementor-element-0d306ea elementor-widget__width-inherit elementor-arrows-position-inside elementor-pagination-position-outside elementor-widget elementor-widget-image-carousel\" data-id=\"0d306ea\" data-element_type=\"widget\" data-settings=\"{&quot;slides_to_show&quot;:&quot;3&quot;,&quot;slides_to_scroll&quot;:&quot;1&quot;,&quot;autoplay_speed&quot;:2500,&quot;image_spacing_custom&quot;:{&quot;unit&quot;:&quot;px&quot;,&quot;size&quot;:10,&quot;sizes&quot;:[]},&quot;_animation&quot;:&quot;none&quot;,&quot;navigation&quot;:&quot;both&quot;,&quot;autoplay&quot;:&quot;yes&quot;,&quot;pause_on_hover&quot;:&quot;yes&quot;,&quot;pause_on_interaction&quot;:&quot;yes&quot;,&quot;infinite&quot;:&quot;yes&quot;,&quot;speed&quot;:500,&quot;image_spacing_custom_tablet&quot;:{&quot;unit&quot;:&quot;px&quot;,&quot;size&quot;:&quot;&quot;,&quot;sizes&quot;:[]},&quot;image_spacing_custom_mobile&quot;:{&quot;unit&quot;:&quot;px&quot;,&quot;size&quot;:&quot;&quot;,&quot;sizes&quot;:[]}}\" data-widget_type=\"image-carousel.default\">\n\t\t\t\t<div class=\"elementor-widget-container\">\n\t\t\t\t\t<div class=\"elementor-image-carousel-wrapper swiper-container\" dir=\"ltr\">\n\t\t\t<div class=\"elementor-image-carousel swiper-wrapper\" aria-live=\"off\">\n\t\t\t\t\t\t\t\t<div class=\"swiper-slide\" role=\"group\" aria-roledescription=\"slide\" aria-label=\"1 von 9\"><a data-elementor-open-lightbox=\"yes\" data-elementor-lightbox-slideshow=\"0d306ea\" data-elementor-lightbox-title=\"Yellow-collared Lovebird\" data-e-action-hash=\"#elementor-action%3Aaction%3Dlightbox%26settings%3DeyJpZCI6MzE3LCJ1cmwiOiJodHRwczpcL1wvdGhvbWFzcnVja2xpLmNoXC93cC1jb250ZW50XC91cGxvYWRzXC8yMDIwXC8wM1wvWWVsbG93LWNvbGxhcmVkLUxvdmViaXJkLmpwZyIsInNsaWRlc2hvdyI6IjBkMzA2ZWEifQ%3D%3D\" href=\"https:\/\/thomasruckli.ch\/de\/gallery\/\"><figure class=\"swiper-slide-inner\"><img decoding=\"async\" class=\"swiper-slide-image\" src=\"https:\/\/i0.wp.com\/thomasruckli.ch\/wp-content\/uploads\/2020\/03\/Yellow-collared-Lovebird.jpg?fit=920%2C518&amp;ssl=1\" alt=\"Schwarzk\u00f6pfchen - Agapornis personatus\" \/><\/figure><\/a><\/div><div class=\"swiper-slide\" role=\"group\" aria-roledescription=\"slide\" aria-label=\"2 von 9\"><a data-elementor-open-lightbox=\"yes\" data-elementor-lightbox-slideshow=\"0d306ea\" data-elementor-lightbox-title=\"African bush elephant\" data-e-action-hash=\"#elementor-action%3Aaction%3Dlightbox%26settings%3DeyJpZCI6MjczLCJ1cmwiOiJodHRwczpcL1wvdGhvbWFzcnVja2xpLmNoXC93cC1jb250ZW50XC91cGxvYWRzXC8yMDIwXC8wM1wvYWZyaWNhbi1lbGVwaGFudC0xMC5qcGciLCJzbGlkZXNob3ciOiIwZDMwNmVhIn0%3D\" href=\"https:\/\/thomasruckli.ch\/de\/gallery\/\"><figure class=\"swiper-slide-inner\"><img decoding=\"async\" class=\"swiper-slide-image\" src=\"https:\/\/i0.wp.com\/thomasruckli.ch\/wp-content\/uploads\/2020\/03\/african-elephant-10.jpg?fit=920%2C518&amp;ssl=1\" alt=\"Afrikanischer Elefant - Loxodonta africana\" \/><\/figure><\/a><\/div><div class=\"swiper-slide\" role=\"group\" aria-roledescription=\"slide\" aria-label=\"3 von 9\"><a data-elementor-open-lightbox=\"yes\" data-elementor-lightbox-slideshow=\"0d306ea\" data-elementor-lightbox-title=\"Common Zebra\" data-e-action-hash=\"#elementor-action%3Aaction%3Dlightbox%26settings%3DeyJpZCI6NTA0LCJ1cmwiOiJodHRwczpcL1wvdGhvbWFzcnVja2xpLmNoXC93cC1jb250ZW50XC91cGxvYWRzXC8yMDIwXC8wM1wvWmVicmEtMi0xLmpwZyIsInNsaWRlc2hvdyI6IjBkMzA2ZWEifQ%3D%3D\" href=\"https:\/\/thomasruckli.ch\/de\/gallery\/\"><figure class=\"swiper-slide-inner\"><img decoding=\"async\" class=\"swiper-slide-image\" src=\"https:\/\/i0.wp.com\/thomasruckli.ch\/wp-content\/uploads\/2020\/03\/Zebra-2-1.jpg?fit=920%2C518&amp;ssl=1\" alt=\"Steppenzebra - Equus quagga\" \/><\/figure><\/a><\/div><div class=\"swiper-slide\" role=\"group\" aria-roledescription=\"slide\" aria-label=\"4 von 9\"><a data-elementor-open-lightbox=\"yes\" data-elementor-lightbox-slideshow=\"0d306ea\" data-elementor-lightbox-title=\"Griffon Vulture\" data-e-action-hash=\"#elementor-action%3Aaction%3Dlightbox%26settings%3DeyJpZCI6NTg3LCJ1cmwiOiJodHRwczpcL1wvdGhvbWFzcnVja2xpLmNoXC93cC1jb250ZW50XC91cGxvYWRzXC8yMDIwXC8wM1wvR3JpZmZvbi1WdWx0dXJlLTItMi5qcGciLCJzbGlkZXNob3ciOiIwZDMwNmVhIn0%3D\" href=\"https:\/\/thomasruckli.ch\/de\/gallery\/\"><figure class=\"swiper-slide-inner\"><img decoding=\"async\" class=\"swiper-slide-image\" src=\"https:\/\/i0.wp.com\/thomasruckli.ch\/wp-content\/uploads\/2020\/03\/Griffon-Vulture-2-2.jpg?fit=920%2C518&amp;ssl=1\" alt=\"G\u00e4nsegeier - Gyps fulvus\" \/><\/figure><\/a><\/div><div class=\"swiper-slide\" role=\"group\" aria-roledescription=\"slide\" aria-label=\"5 von 9\"><a data-elementor-open-lightbox=\"yes\" data-elementor-lightbox-slideshow=\"0d306ea\" data-elementor-lightbox-title=\"Osprey\" data-e-action-hash=\"#elementor-action%3Aaction%3Dlightbox%26settings%3DeyJpZCI6NTcxLCJ1cmwiOiJodHRwczpcL1wvdGhvbWFzcnVja2xpLmNoXC93cC1jb250ZW50XC91cGxvYWRzXC8yMDIwXC8wM1wvT3NwcmV5LTIuanBnIiwic2xpZGVzaG93IjoiMGQzMDZlYSJ9\" href=\"https:\/\/thomasruckli.ch\/de\/gallery\/\"><figure class=\"swiper-slide-inner\"><img decoding=\"async\" class=\"swiper-slide-image\" src=\"https:\/\/i0.wp.com\/thomasruckli.ch\/wp-content\/uploads\/2020\/03\/Osprey-2.jpg?fit=920%2C518&amp;ssl=1\" alt=\"Fischadler - Pandion haliaetus\" \/><\/figure><\/a><\/div><div class=\"swiper-slide\" role=\"group\" aria-roledescription=\"slide\" aria-label=\"6 von 9\"><a data-elementor-open-lightbox=\"yes\" data-elementor-lightbox-slideshow=\"0d306ea\" data-elementor-lightbox-title=\"North American River Otter\" data-e-action-hash=\"#elementor-action%3Aaction%3Dlightbox%26settings%3DeyJpZCI6NTczLCJ1cmwiOiJodHRwczpcL1wvdGhvbWFzcnVja2xpLmNoXC93cC1jb250ZW50XC91cGxvYWRzXC8yMDIwXC8wM1wvTm9ydGgtQW1lcmljYW4tUml2ZXItT3R0ZXItMS5qcGciLCJzbGlkZXNob3ciOiIwZDMwNmVhIn0%3D\" href=\"https:\/\/thomasruckli.ch\/de\/gallery\/\"><figure class=\"swiper-slide-inner\"><img decoding=\"async\" class=\"swiper-slide-image\" src=\"https:\/\/i0.wp.com\/thomasruckli.ch\/wp-content\/uploads\/2020\/03\/North-American-River-Otter-1.jpg?fit=920%2C518&amp;ssl=1\" alt=\"North American River Otter\" \/><\/figure><\/a><\/div><div class=\"swiper-slide\" role=\"group\" aria-roledescription=\"slide\" aria-label=\"7 von 9\"><a data-elementor-open-lightbox=\"yes\" data-elementor-lightbox-slideshow=\"0d306ea\" data-elementor-lightbox-title=\"Black-faced Sandgrouse\" data-e-action-hash=\"#elementor-action%3Aaction%3Dlightbox%26settings%3DeyJpZCI6MzEzLCJ1cmwiOiJodHRwczpcL1wvdGhvbWFzcnVja2xpLmNoXC93cC1jb250ZW50XC91cGxvYWRzXC8yMDIwXC8wM1wvQmxhY2stZmFjZWQtU2FuZGdyb3VzZS5qcGciLCJzbGlkZXNob3ciOiIwZDMwNmVhIn0%3D\" href=\"https:\/\/thomasruckli.ch\/de\/gallery\/\"><figure class=\"swiper-slide-inner\"><img decoding=\"async\" class=\"swiper-slide-image\" src=\"https:\/\/i0.wp.com\/thomasruckli.ch\/wp-content\/uploads\/2020\/03\/Black-faced-Sandgrouse.jpg?fit=920%2C518&amp;ssl=1\" alt=\"Schmuckflughuhn - Pterocles decoratus\" \/><\/figure><\/a><\/div><div class=\"swiper-slide\" role=\"group\" aria-roledescription=\"slide\" aria-label=\"8 von 9\"><a data-elementor-open-lightbox=\"yes\" data-elementor-lightbox-slideshow=\"0d306ea\" data-elementor-lightbox-title=\"Barnacles-3\" data-e-action-hash=\"#elementor-action%3Aaction%3Dlightbox%26settings%3DeyJpZCI6MzEwLCJ1cmwiOiJodHRwczpcL1wvdGhvbWFzcnVja2xpLmNoXC93cC1jb250ZW50XC91cGxvYWRzXC8yMDIwXC8wM1wvQmFybmFjbGVzLTMuanBnIiwic2xpZGVzaG93IjoiMGQzMDZlYSJ9\" href=\"https:\/\/thomasruckli.ch\/de\/gallery\/\"><figure class=\"swiper-slide-inner\"><img decoding=\"async\" class=\"swiper-slide-image\" src=\"https:\/\/i0.wp.com\/thomasruckli.ch\/wp-content\/uploads\/2020\/03\/Barnacles-3.jpg?fit=920%2C518&amp;ssl=1\" alt=\"Barnacles-3\" \/><\/figure><\/a><\/div><div class=\"swiper-slide\" role=\"group\" aria-roledescription=\"slide\" aria-label=\"9 von 9\"><a data-elementor-open-lightbox=\"yes\" data-elementor-lightbox-slideshow=\"0d306ea\" data-elementor-lightbox-title=\"Black-chested Snake Eagle\" data-e-action-hash=\"#elementor-action%3Aaction%3Dlightbox%26settings%3DeyJpZCI6NTg1LCJ1cmwiOiJodHRwczpcL1wvdGhvbWFzcnVja2xpLmNoXC93cC1jb250ZW50XC91cGxvYWRzXC8yMDIwXC8wM1wvQmxhY2stY2hlc3RlZC1TbmFrZS1FYWdsZS00LTIuanBnIiwic2xpZGVzaG93IjoiMGQzMDZlYSJ9\" href=\"https:\/\/thomasruckli.ch\/de\/gallery\/\"><figure class=\"swiper-slide-inner\"><img decoding=\"async\" class=\"swiper-slide-image\" src=\"https:\/\/i0.wp.com\/thomasruckli.ch\/wp-content\/uploads\/2020\/03\/Black-chested-Snake-Eagle-4-2.jpg?fit=920%2C518&amp;ssl=1\" alt=\"Black-chested Snake Eagle\" \/><\/figure><\/a><\/div>\t\t\t<\/div>\n\t\t\t\t\t\t\t\t\t\t\t\t<div class=\"elementor-swiper-button elementor-swiper-button-prev\" role=\"button\" tabindex=\"0\">\n\t\t\t\t\t\t<i aria-hidden=\"true\" class=\"eicon-chevron-left\"><\/i>\t\t\t\t\t<\/div>\n\t\t\t\t\t<div class=\"elementor-swiper-button elementor-swiper-button-next\" role=\"button\" tabindex=\"0\">\n\t\t\t\t\t\t<i aria-hidden=\"true\" class=\"eicon-chevron-right\"><\/i>\t\t\t\t\t<\/div>\n\t\t\t\t\n\t\t\t\t\t\t\t\t\t<div class=\"swiper-pagination\"><\/div>\n\t\t\t\t\t\t\t\t\t<\/div>\n\t\t\t\t<\/div>\n\t\t\t\t<\/div>\n\t\t\t\t\t<\/div>\n\t\t<\/div>\n\t\t\t\t\t\t\t<\/div>\n\t\t<\/section>\n\t\t\t\t\t\t\t<\/div>","protected":false},"excerpt":{"rendered":"<p>Welcome! I&#8217;m happy to welcome you on my website! My name is Thomas Ruckli. On this website, I invite you to discover what I&#8217;m really passionate about: photography. Discover the<\/p>\n<p class=\"more-link\"><a href=\"https:\/\/thomasruckli.ch\/de\/\" class=\"readmore\">Continue reading&#8230;<span class=\"screen-reader-text\">Home<\/span><\/a><\/p>","protected":false},"author":1,"featured_media":0,"parent":0,"menu_order":0,"comment_status":"closed","ping_status":"closed","template":"elementor_header_footer","meta":{"footnotes":"","_vp_format_video_url":"","_vp_image_focal_point":[]},"yoast_head":"<!-- This site is optimized with the Yoast SEO plugin v21.9.1 - https:\/\/yoast.com\/wordpress\/plugins\/seo\/ -->\n<title>Home - Thomas Ruckli Photography - My passion, my art, my life<\/title>\n<meta name=\"description\" content=\"Thomas Ruckli - Youth Photographer from Switzerland. Nature and wildlife photography as well as other photography genres from a different perspective.\" \/>\n<meta name=\"robots\" content=\"index, follow, max-snippet:-1, max-image-preview:large, max-video-preview:-1\" \/>\n<link rel=\"canonical\" href=\"https:\/\/thomasruckli.ch\/de\/\" \/>\n<meta property=\"og:locale\" content=\"de_DE\" \/>\n<meta property=\"og:type\" content=\"article\" \/>\n<meta property=\"og:title\" content=\"Home - Thomas Ruckli Photography - My passion, my art, my life\" \/>\n<meta property=\"og:description\" content=\"Thomas Ruckli - Youth Photographer from Switzerland. Nature and wildlife photography as well as other photography genres from a different perspective.\" \/>\n<meta property=\"og:url\" content=\"https:\/\/thomasruckli.ch\/de\/\" \/>\n<meta property=\"og:site_name\" content=\"Thomas Ruckli Photography\" \/>\n<meta property=\"article:modified_time\" content=\"2020-04-19T17:23:14+00:00\" \/>\n<meta property=\"og:image\" content=\"https:\/\/thomasruckli.ch\/wp-content\/uploads\/2020\/03\/Yellow-collared-Lovebird-1024x576.jpg\" \/>\n<meta name=\"twitter:card\" content=\"summary_large_image\" \/>\n<script type=\"application\/ld+json\" class=\"yoast-schema-graph\">{\"@context\":\"https:\/\/schema.org\",\"@graph\":[{\"@type\":\"WebPage\",\"@id\":\"https:\/\/thomasruckli.ch\/\",\"url\":\"https:\/\/thomasruckli.ch\/\",\"name\":\"Home - Thomas Ruckli Photography - My passion, my art, my life\",\"isPartOf\":{\"@id\":\"https:\/\/thomasruckli.ch\/#website\"},\"datePublished\":\"2020-02-22T01:08:47+00:00\",\"dateModified\":\"2020-04-19T17:23:14+00:00\",\"description\":\"Thomas Ruckli - Youth Photographer from Switzerland. Nature and wildlife photography as well as other photography genres from a different perspective.\",\"breadcrumb\":{\"@id\":\"https:\/\/thomasruckli.ch\/#breadcrumb\"},\"inLanguage\":\"de\",\"potentialAction\":[{\"@type\":\"ReadAction\",\"target\":[\"https:\/\/thomasruckli.ch\/\"]}]},{\"@type\":\"BreadcrumbList\",\"@id\":\"https:\/\/thomasruckli.ch\/#breadcrumb\",\"itemListElement\":[{\"@type\":\"ListItem\",\"position\":1,\"name\":\"Home\",\"item\":\"https:\/\/thomasruckli.ch\/\"},{\"@type\":\"ListItem\",\"position\":2,\"name\":\"Home\"}]},{\"@type\":\"WebSite\",\"@id\":\"https:\/\/thomasruckli.ch\/#website\",\"url\":\"https:\/\/thomasruckli.ch\/\",\"name\":\"Thomas Ruckli Photography\",\"description\":\"My passion, my art, my life\",\"publisher\":{\"@id\":\"https:\/\/thomasruckli.ch\/#\/schema\/person\/0580682ef0a6ddabeb4c8df53bea357b\"},\"potentialAction\":[{\"@type\":\"SearchAction\",\"target\":{\"@type\":\"EntryPoint\",\"urlTemplate\":\"https:\/\/thomasruckli.ch\/?s={search_term_string}\"},\"query-input\":\"required name=search_term_string\"}],\"inLanguage\":\"de\"},{\"@type\":[\"Person\",\"Organization\"],\"@id\":\"https:\/\/thomasruckli.ch\/#\/schema\/person\/0580682ef0a6ddabeb4c8df53bea357b\",\"name\":\"Thomas Ruckli\",\"image\":{\"@type\":\"ImageObject\",\"inLanguage\":\"de\",\"@id\":\"https:\/\/thomasruckli.ch\/#\/schema\/person\/image\/\",\"url\":\"https:\/\/i1.wp.com\/thomasruckli.ch\/wp-content\/uploads\/2020\/03\/Asset-12.png?fit=1701%2C1389&ssl=1\",\"contentUrl\":\"https:\/\/i1.wp.com\/thomasruckli.ch\/wp-content\/uploads\/2020\/03\/Asset-12.png?fit=1701%2C1389&ssl=1\",\"width\":1701,\"height\":1389,\"caption\":\"Thomas Ruckli\"},\"logo\":{\"@id\":\"https:\/\/thomasruckli.ch\/#\/schema\/person\/image\/\"},\"description\":\"Thomas Ruckli Photography - Youth Photographer from Switzerland. Nature and Wildlife photography as well as other photography genres from another perspective - My passion, my art, my life\",\"sameAs\":[\"https:\/\/thomasruckli.ch\/\",\"instagram.com\/thomasruckli_photography\/\"]}]}<\/script>\n<!-- \/ Yoast SEO plugin. -->","yoast_head_json":{"title":"Home - Thomas Ruckli Photography - My passion, my art, my life","description":"Thomas Ruckli - Youth Photographer from Switzerland. Nature and wildlife photography as well as other photography genres from a different perspective.","robots":{"index":"index","follow":"follow","max-snippet":"max-snippet:-1","max-image-preview":"max-image-preview:large","max-video-preview":"max-video-preview:-1"},"canonical":"https:\/\/thomasruckli.ch\/de\/","og_locale":"de_DE","og_type":"article","og_title":"Home - Thomas Ruckli Photography - My passion, my art, my life","og_description":"Thomas Ruckli - Youth Photographer from Switzerland. Nature and wildlife photography as well as other photography genres from a different perspective.","og_url":"https:\/\/thomasruckli.ch\/de\/","og_site_name":"Thomas Ruckli Photography","article_modified_time":"2020-04-19T17:23:14+00:00","og_image":[{"url":"https:\/\/thomasruckli.ch\/wp-content\/uploads\/2020\/03\/Yellow-collared-Lovebird-1024x576.jpg"}],"twitter_card":"summary_large_image","schema":{"@context":"https:\/\/schema.org","@graph":[{"@type":"WebPage","@id":"https:\/\/thomasruckli.ch\/","url":"https:\/\/thomasruckli.ch\/","name":"Home - Thomas Ruckli Photography - My passion, my art, my life","isPartOf":{"@id":"https:\/\/thomasruckli.ch\/#website"},"datePublished":"2020-02-22T01:08:47+00:00","dateModified":"2020-04-19T17:23:14+00:00","description":"Thomas Ruckli - Youth Photographer from Switzerland. Nature and wildlife photography as well as other photography genres from a different perspective.","breadcrumb":{"@id":"https:\/\/thomasruckli.ch\/#breadcrumb"},"inLanguage":"de","potentialAction":[{"@type":"ReadAction","target":["https:\/\/thomasruckli.ch\/"]}]},{"@type":"BreadcrumbList","@id":"https:\/\/thomasruckli.ch\/#breadcrumb","itemListElement":[{"@type":"ListItem","position":1,"name":"Home","item":"https:\/\/thomasruckli.ch\/"},{"@type":"ListItem","position":2,"name":"Home"}]},{"@type":"WebSite","@id":"https:\/\/thomasruckli.ch\/#website","url":"https:\/\/thomasruckli.ch\/","name":"Thomas Ruckli Photography","description":"My passion, my art, my life","publisher":{"@id":"https:\/\/thomasruckli.ch\/#\/schema\/person\/0580682ef0a6ddabeb4c8df53bea357b"},"potentialAction":[{"@type":"SearchAction","target":{"@type":"EntryPoint","urlTemplate":"https:\/\/thomasruckli.ch\/?s={search_term_string}"},"query-input":"required name=search_term_string"}],"inLanguage":"de"},{"@type":["Person","Organization"],"@id":"https:\/\/thomasruckli.ch\/#\/schema\/person\/0580682ef0a6ddabeb4c8df53bea357b","name":"Thomas Ruckli","image":{"@type":"ImageObject","inLanguage":"de","@id":"https:\/\/thomasruckli.ch\/#\/schema\/person\/image\/","url":"https:\/\/i1.wp.com\/thomasruckli.ch\/wp-content\/uploads\/2020\/03\/Asset-12.png?fit=1701%2C1389&ssl=1","contentUrl":"https:\/\/i1.wp.com\/thomasruckli.ch\/wp-content\/uploads\/2020\/03\/Asset-12.png?fit=1701%2C1389&ssl=1","width":1701,"height":1389,"caption":"Thomas Ruckli"},"logo":{"@id":"https:\/\/thomasruckli.ch\/#\/schema\/person\/image\/"},"description":"Thomas Ruckli Photography - Youth Photographer from Switzerland. Nature and Wildlife photography as well as other photography genres from another perspective - My passion, my art, my life","sameAs":["https:\/\/thomasruckli.ch\/","instagram.com\/thomasruckli_photography\/"]}]}},"jetpack_sharing_enabled":true,"_links":{"self":[{"href":"https:\/\/thomasruckli.ch\/de\/wp-json\/wp\/v2\/pages\/59"}],"collection":[{"href":"https:\/\/thomasruckli.ch\/de\/wp-json\/wp\/v2\/pages"}],"about":[{"href":"https:\/\/thomasruckli.ch\/de\/wp-json\/wp\/v2\/types\/page"}],"author":[{"embeddable":true,"href":"https:\/\/thomasruckli.ch\/de\/wp-json\/wp\/v2\/users\/1"}],"replies":[{"embeddable":true,"href":"https:\/\/thomasruckli.ch\/de\/wp-json\/wp\/v2\/comments?post=59"}],"version-history":[{"count":57,"href":"https:\/\/thomasruckli.ch\/de\/wp-json\/wp\/v2\/pages\/59\/revisions"}],"predecessor-version":[{"id":838,"href":"https:\/\/thomasruckli.ch\/de\/wp-json\/wp\/v2\/pages\/59\/revisions\/838"}],"wp:attachment":[{"href":"https:\/\/thomasruckli.ch\/de\/wp-json\/wp\/v2\/media?parent=59"}],"curies":[{"name":"wp","href":"https:\/\/api.w.org\/{rel}","templated":true}]}}