{"id":846,"date":"2020-09-12T21:55:22","date_gmt":"2020-09-12T20:55:22","guid":{"rendered":"https:\/\/thomasruckli.ch\/?page_id=846"},"modified":"2020-09-16T09:08:05","modified_gmt":"2020-09-16T08:08:05","slug":"prints","status":"publish","type":"page","link":"https:\/\/thomasruckli.ch\/de\/prints\/","title":{"rendered":"Fotoabz\u00fcge"},"content":{"rendered":"<div data-elementor-type=\"wp-page\" data-elementor-id=\"846\" class=\"elementor elementor-846\">\n\t\t\t\t\t\t\t\t\t<section class=\"elementor-section elementor-top-section elementor-element elementor-element-02cc9fb elementor-section-boxed elementor-section-height-default elementor-section-height-default\" data-id=\"02cc9fb\" data-element_type=\"section\">\n\t\t\t\t\t\t<div class=\"elementor-container elementor-column-gap-default\">\n\t\t\t\t\t<div class=\"elementor-column elementor-col-100 elementor-top-column elementor-element elementor-element-4b73c2a\" data-id=\"4b73c2a\" data-element_type=\"column\">\n\t\t\t<div class=\"elementor-widget-wrap elementor-element-populated\">\n\t\t\t\t\t\t\t\t<div class=\"elementor-element elementor-element-62fb5a7 elementor-widget elementor-widget-heading\" data-id=\"62fb5a7\" data-element_type=\"widget\" data-widget_type=\"heading.default\">\n\t\t\t\t<div class=\"elementor-widget-container\">\n\t\t\t<h2 class=\"elementor-heading-title elementor-size-xxl\"><a href=\"https:\/\/thomasruckli.ch\/de\/prints\/\">Fotoabz\u00fcge<\/a><\/h2>\t\t<\/div>\n\t\t\t\t<\/div>\n\t\t\t\t\t<\/div>\n\t\t<\/div>\n\t\t\t\t\t\t\t<\/div>\n\t\t<\/section>\n\t\t\t\t<section class=\"elementor-section elementor-top-section elementor-element elementor-element-4492fb1 elementor-section-boxed elementor-section-height-default elementor-section-height-default\" data-id=\"4492fb1\" data-element_type=\"section\">\n\t\t\t\t\t\t<div class=\"elementor-container elementor-column-gap-default\">\n\t\t\t\t\t<div class=\"elementor-column elementor-col-100 elementor-top-column elementor-element elementor-element-ed61761\" data-id=\"ed61761\" data-element_type=\"column\">\n\t\t\t<div class=\"elementor-widget-wrap elementor-element-populated\">\n\t\t\t\t\t\t\t\t<div class=\"elementor-element elementor-element-f4a3a06 elementor-widget elementor-widget-spacer\" data-id=\"f4a3a06\" data-element_type=\"widget\" data-widget_type=\"spacer.default\">\n\t\t\t\t<div class=\"elementor-widget-container\">\n\t\t\t\t\t<div class=\"elementor-spacer\">\n\t\t\t<div class=\"elementor-spacer-inner\"><\/div>\n\t\t<\/div>\n\t\t\t\t<\/div>\n\t\t\t\t<\/div>\n\t\t\t\t\t<\/div>\n\t\t<\/div>\n\t\t\t\t\t\t\t<\/div>\n\t\t<\/section>\n\t\t\t\t<section class=\"elementor-section elementor-top-section elementor-element elementor-element-9592ab3 elementor-section-boxed elementor-section-height-default elementor-section-height-default\" data-id=\"9592ab3\" data-element_type=\"section\">\n\t\t\t\t\t\t<div class=\"elementor-container elementor-column-gap-default\">\n\t\t\t\t\t<div class=\"elementor-column elementor-col-100 elementor-top-column elementor-element elementor-element-de53711\" data-id=\"de53711\" data-element_type=\"column\">\n\t\t\t<div class=\"elementor-widget-wrap elementor-element-populated\">\n\t\t\t\t\t\t\t\t<div class=\"elementor-element elementor-element-06d9a89 elementor-arrows-position-inside elementor-pagination-position-outside elementor-widget elementor-widget-image-carousel\" data-id=\"06d9a89\" data-element_type=\"widget\" data-settings=\"{&quot;slides_to_show&quot;:&quot;1&quot;,&quot;autoplay_speed&quot;:3000,&quot;navigation&quot;:&quot;both&quot;,&quot;autoplay&quot;:&quot;yes&quot;,&quot;pause_on_hover&quot;:&quot;yes&quot;,&quot;pause_on_interaction&quot;:&quot;yes&quot;,&quot;infinite&quot;:&quot;yes&quot;,&quot;effect&quot;:&quot;slide&quot;,&quot;speed&quot;:500}\" data-widget_type=\"image-carousel.default\">\n\t\t\t\t<div class=\"elementor-widget-container\">\n\t\t\t\t\t<div class=\"elementor-image-carousel-wrapper swiper-container\" dir=\"ltr\">\n\t\t\t<div class=\"elementor-image-carousel swiper-wrapper\" aria-live=\"off\">\n\t\t\t\t\t\t\t\t<div class=\"swiper-slide\" role=\"group\" aria-roledescription=\"slide\" aria-label=\"1 von 7\"><figure class=\"swiper-slide-inner\"><img decoding=\"async\" class=\"swiper-slide-image\" src=\"https:\/\/i0.wp.com\/thomasruckli.ch\/wp-content\/uploads\/2020\/09\/Northern-Raven.jpg?fit=2000%2C1125&amp;ssl=1\" alt=\"Kolkrabe - Corvus corax\" \/><\/figure><\/div><div class=\"swiper-slide\" role=\"group\" aria-roledescription=\"slide\" aria-label=\"2 von 7\"><figure class=\"swiper-slide-inner\"><img decoding=\"async\" class=\"swiper-slide-image\" src=\"https:\/\/i0.wp.com\/thomasruckli.ch\/wp-content\/uploads\/2020\/03\/Zebra-2-1.jpg?fit=2000%2C1125&amp;ssl=1\" alt=\"Steppenzebra - Equus quagga\" \/><\/figure><\/div><div class=\"swiper-slide\" role=\"group\" aria-roledescription=\"slide\" aria-label=\"3 von 7\"><figure class=\"swiper-slide-inner\"><img decoding=\"async\" class=\"swiper-slide-image\" src=\"https:\/\/i0.wp.com\/thomasruckli.ch\/wp-content\/uploads\/2020\/03\/Mute-Swan.jpg?fit=2000%2C1125&amp;ssl=1\" alt=\"H\u00f6ckerschwan - Cygnus olor\" \/><\/figure><\/div><div class=\"swiper-slide\" role=\"group\" aria-roledescription=\"slide\" aria-label=\"4 von 7\"><figure class=\"swiper-slide-inner\"><img decoding=\"async\" class=\"swiper-slide-image\" src=\"https:\/\/i0.wp.com\/thomasruckli.ch\/wp-content\/uploads\/2020\/03\/Milky-Way-4.jpg?fit=2500%2C1667&amp;ssl=1\" alt=\"Mystischer Nachthimmel mit der Milchstrasse \u00fcber Vancouver Island\" \/><\/figure><\/div><div class=\"swiper-slide\" role=\"group\" aria-roledescription=\"slide\" aria-label=\"5 von 7\"><figure class=\"swiper-slide-inner\"><img decoding=\"async\" class=\"swiper-slide-image\" src=\"https:\/\/i0.wp.com\/thomasruckli.ch\/wp-content\/uploads\/2020\/03\/Stars-2.jpg?fit=2000%2C1333&amp;ssl=1\" alt=\"Stars\" \/><\/figure><\/div><div class=\"swiper-slide\" role=\"group\" aria-roledescription=\"slide\" aria-label=\"6 von 7\"><figure class=\"swiper-slide-inner\"><img decoding=\"async\" class=\"swiper-slide-image\" src=\"https:\/\/i0.wp.com\/thomasruckli.ch\/wp-content\/uploads\/2020\/03\/Vancouver-30.jpg?fit=2000%2C1333&amp;ssl=1\" alt=\"Vancouver-30\" \/><\/figure><\/div><div class=\"swiper-slide\" role=\"group\" aria-roledescription=\"slide\" aria-label=\"7 von 7\"><figure class=\"swiper-slide-inner\"><img decoding=\"async\" class=\"swiper-slide-image\" src=\"https:\/\/i0.wp.com\/thomasruckli.ch\/wp-content\/uploads\/2020\/03\/Yellow-collared-Lovebird.jpg?fit=2000%2C1125&amp;ssl=1\" alt=\"Schwarzk\u00f6pfchen - Agapornis personatus\" \/><\/figure><\/div>\t\t\t<\/div>\n\t\t\t\t\t\t\t\t\t\t\t\t<div class=\"elementor-swiper-button elementor-swiper-button-prev\" role=\"button\" tabindex=\"0\">\n\t\t\t\t\t\t<i aria-hidden=\"true\" class=\"eicon-chevron-left\"><\/i>\t\t\t\t\t<\/div>\n\t\t\t\t\t<div class=\"elementor-swiper-button elementor-swiper-button-next\" role=\"button\" tabindex=\"0\">\n\t\t\t\t\t\t<i aria-hidden=\"true\" class=\"eicon-chevron-right\"><\/i>\t\t\t\t\t<\/div>\n\t\t\t\t\n\t\t\t\t\t\t\t\t\t<div class=\"swiper-pagination\"><\/div>\n\t\t\t\t\t\t\t\t\t<\/div>\n\t\t\t\t<\/div>\n\t\t\t\t<\/div>\n\t\t\t\t\t<\/div>\n\t\t<\/div>\n\t\t\t\t\t\t\t<\/div>\n\t\t<\/section>\n\t\t\t\t<section class=\"elementor-section elementor-top-section elementor-element elementor-element-54d16dc elementor-section-boxed elementor-section-height-default elementor-section-height-default\" data-id=\"54d16dc\" data-element_type=\"section\">\n\t\t\t\t\t\t<div class=\"elementor-container elementor-column-gap-default\">\n\t\t\t\t\t<div class=\"elementor-column elementor-col-100 elementor-top-column elementor-element elementor-element-23d4d38\" data-id=\"23d4d38\" data-element_type=\"column\">\n\t\t\t<div class=\"elementor-widget-wrap elementor-element-populated\">\n\t\t\t\t\t\t\t\t<div class=\"elementor-element elementor-element-3479883 elementor-widget elementor-widget-text-editor\" data-id=\"3479883\" data-element_type=\"widget\" data-widget_type=\"text-editor.default\">\n\t\t\t\t<div class=\"elementor-widget-container\">\n\t\t\t\t\t\t\t<p style=\"text-align: center;\"><span style=\"color: #ffffff;\">Du siehst vor deinem inneren Auge bereits eines meiner Fotos in deiner Wohnung h\u00e4ngen?<\/span><br \/><span style=\"color: #ffffff;\">Ich freue mich dar\u00fcber, dir Abz\u00fcge anbieten zu k\u00f6nnen! Egal ob als Poster oder auf Leinwand, du darfst \u00fcber die Art und Gr\u00f6sse selbst eintscheiden!<\/span><\/p>\t\t\t\t\t\t<\/div>\n\t\t\t\t<\/div>\n\t\t\t\t\t<\/div>\n\t\t<\/div>\n\t\t\t\t\t\t\t<\/div>\n\t\t<\/section>\n\t\t\t\t<section class=\"elementor-section elementor-top-section elementor-element elementor-element-24365d0 elementor-section-boxed elementor-section-height-default elementor-section-height-default\" data-id=\"24365d0\" data-element_type=\"section\">\n\t\t\t\t\t\t<div class=\"elementor-container elementor-column-gap-default\">\n\t\t\t\t\t<div class=\"elementor-column elementor-col-100 elementor-top-column elementor-element elementor-element-0277002\" data-id=\"0277002\" data-element_type=\"column\">\n\t\t\t<div class=\"elementor-widget-wrap elementor-element-populated\">\n\t\t\t\t\t\t\t\t<div class=\"elementor-element elementor-element-54e533e elementor-widget elementor-widget-spacer\" data-id=\"54e533e\" data-element_type=\"widget\" data-widget_type=\"spacer.default\">\n\t\t\t\t<div class=\"elementor-widget-container\">\n\t\t\t\t\t<div class=\"elementor-spacer\">\n\t\t\t<div class=\"elementor-spacer-inner\"><\/div>\n\t\t<\/div>\n\t\t\t\t<\/div>\n\t\t\t\t<\/div>\n\t\t\t\t\t<\/div>\n\t\t<\/div>\n\t\t\t\t\t\t\t<\/div>\n\t\t<\/section>\n\t\t\t\t<section class=\"elementor-section elementor-top-section elementor-element elementor-element-8d1e7a0 elementor-section-boxed elementor-section-height-default elementor-section-height-default\" data-id=\"8d1e7a0\" data-element_type=\"section\">\n\t\t\t\t\t\t<div class=\"elementor-container elementor-column-gap-default\">\n\t\t\t\t\t<div class=\"elementor-column elementor-col-50 elementor-top-column elementor-element elementor-element-8543e7c\" data-id=\"8543e7c\" data-element_type=\"column\">\n\t\t\t<div class=\"elementor-widget-wrap elementor-element-populated\">\n\t\t\t\t\t\t\t\t<div class=\"elementor-element elementor-element-cef733b elementor-widget elementor-widget-text-editor\" data-id=\"cef733b\" data-element_type=\"widget\" data-widget_type=\"text-editor.default\">\n\t\t\t\t<div class=\"elementor-widget-container\">\n\t\t\t\t\t\t\t<p><span style=\"color: #ffffff;\">Von so gut wie jedem Foto auf dieser Website k\u00f6nnen Abz\u00fcge jeder Gr\u00f6sse gedruckt werden.<\/span><br \/><span style=\"color: #ffffff;\">Am besten w\u00e4hlst du die Foto(s), die du gerne gedruckt haben m\u00f6chtest, aus, entscheidest dich auf <a style=\"color: #ffffff;\" href=\"https:\/\/www.ifolor.ch\/\">ifolor.ch<\/a> f\u00fcr eine Gr\u00f6sse und Druckart - und kontaktierst mich anschliessend mit dem Formular auf der rechten Seite oder via <a style=\"color: #ffffff;\" href=\"mailto:contact@thomasruckli.ch\">contact@thomasruckli.ch<\/a>!<\/span><\/p><p><span style=\"color: #ffffff;\">Ich freue mich, deine Anfrage beantworten zu d\u00fcrfen :)<\/span><\/p><p><span style=\"color: #ffffff;\">Einige Preis-Beispiele:<\/span><\/p><p><span style=\"color: #ffffff;\">\u00a0\u00a0 - Fotoposter, 40x30 cm, 50 CHF<\/span><br \/><span style=\"color: #ffffff;\">\u00a0\u00a0 - Fotoposter, 90x60 cm, 70 CHF<\/span><\/p><p><span style=\"color: #ffffff;\">\u00a0\u00a0 - Fotoleinwand, 40x30 cm, 100 CHF<\/span><\/p><p><span style=\"color: #ffffff;\">\u00a0\u00a0 - Gallery print, 40x30 cm, 130 CHF <\/span><\/p><p><span style=\"color: #ffffff;\">Etliche andere Abz\u00fcge sind selbstverst\u00e4ndlich auch m\u00f6glich!<\/span><\/p>\t\t\t\t\t\t<\/div>\n\t\t\t\t<\/div>\n\t\t\t\t\t<\/div>\n\t\t<\/div>\n\t\t\t\t<div class=\"elementor-column elementor-col-50 elementor-top-column elementor-element elementor-element-f6382fa\" data-id=\"f6382fa\" data-element_type=\"column\">\n\t\t\t<div class=\"elementor-widget-wrap elementor-element-populated\">\n\t\t\t\t\t\t\t\t<div class=\"elementor-element elementor-element-2a6fb6f elementor-widget elementor-widget-shortcode\" data-id=\"2a6fb6f\" data-element_type=\"widget\" data-widget_type=\"shortcode.default\">\n\t\t\t\t<div class=\"elementor-widget-container\">\n\t\t\t\t\t<div class=\"elementor-shortcode\"><div role=\"form\" class=\"wpcf7\" id=\"wpcf7-f724-o1\" lang=\"en-CA\" dir=\"ltr\">\n<div class=\"screen-reader-response\"><p role=\"status\" aria-live=\"polite\" aria-atomic=\"true\"><\/p> <ul><\/ul><\/div>\n<form action=\"\/de\/wp-json\/wp\/v2\/pages\/846#wpcf7-f724-o1\" method=\"post\" class=\"wpcf7-form init\" novalidate=\"novalidate\" data-status=\"init\" data-trp-original-action=\"\/de\/wp-json\/wp\/v2\/pages\/846#wpcf7-f724-o1\">\n<div style=\"display: none;\">\n<input type=\"hidden\" name=\"_wpcf7\" value=\"724\" \/>\n<input type=\"hidden\" name=\"_wpcf7_version\" value=\"5.4.2\" \/>\n<input type=\"hidden\" name=\"_wpcf7_locale\" value=\"en_CA\" \/>\n<input type=\"hidden\" name=\"_wpcf7_unit_tag\" value=\"wpcf7-f724-o1\" \/>\n<input type=\"hidden\" name=\"_wpcf7_container_post\" value=\"0\" \/>\n<input type=\"hidden\" name=\"_wpcf7_posted_data_hash\" value=\"\" \/>\n<\/div>\n<p><label> Dein Name (ben\u00f6tigt)<br \/>\n    <span class=\"wpcf7-form-control-wrap your-name\"><input type=\"text\" name=\"your-name\" value=\"\" size=\"40\" class=\"wpcf7-form-control wpcf7-text wpcf7-validates-as-required\" aria-required=\"true\" aria-invalid=\"false\" \/><\/span> <\/label><\/p>\n<p><label> Deine E-Mail Adresse (ben\u00f6tigt)<br \/>\n    <span class=\"wpcf7-form-control-wrap your-email\"><input type=\"email\" name=\"your-email\" value=\"\" size=\"40\" class=\"wpcf7-form-control wpcf7-text wpcf7-email wpcf7-validates-as-required wpcf7-validates-as-email\" aria-required=\"true\" aria-invalid=\"false\" \/><\/span> <\/label><\/p>\n<p><label> Titel<br \/>\n    <span class=\"wpcf7-form-control-wrap your-subject\"><input type=\"text\" name=\"your-subject\" value=\"\" size=\"40\" class=\"wpcf7-form-control wpcf7-text\" aria-invalid=\"false\" \/><\/span> <\/label><\/p>\n<p><label> Deine Nachricht<br \/>\n    <span class=\"wpcf7-form-control-wrap your-message\"><textarea name=\"your-message\" cols=\"40\" rows=\"10\" class=\"wpcf7-form-control wpcf7-textarea\" aria-invalid=\"false\"><\/textarea><\/span> <\/label><\/p>\n<p><input type=\"submit\" value=\"Senden\" class=\"wpcf7-form-control wpcf7-submit\" \/><\/p>\n<div class=\"wpcf7-response-output\" aria-hidden=\"true\"><\/div><input type=\"hidden\" name=\"trp-form-language\" value=\"de\"\/><\/form><\/div><\/div>\n\t\t\t\t<\/div>\n\t\t\t\t<\/div>\n\t\t\t\t\t<\/div>\n\t\t<\/div>\n\t\t\t\t\t\t\t<\/div>\n\t\t<\/section>\n\t\t\t\t\t\t\t<\/div>","protected":false},"excerpt":{"rendered":"<p>Prints Previous Next You can already see one of my photos hanging in your room?I&#8217;m happy to sell you prints! Whether as posters or photo canvas, you can freely choose<\/p>\n<p class=\"more-link\"><a href=\"https:\/\/thomasruckli.ch\/de\/prints\/\" class=\"readmore\">Continue reading&#8230;<span class=\"screen-reader-text\">Fotoabz\u00fcge<\/span><\/a><\/p>","protected":false},"author":1,"featured_media":0,"parent":0,"menu_order":0,"comment_status":"closed","ping_status":"closed","template":"elementor_header_footer","meta":{"footnotes":"","_vp_format_video_url":"","_vp_image_focal_point":[]},"yoast_head":"<!-- This site is optimized with the Yoast SEO plugin v21.9.1 - https:\/\/yoast.com\/wordpress\/plugins\/seo\/ -->\n<title>Prints - Thomas Ruckli Photography<\/title>\n<meta name=\"robots\" content=\"index, follow, max-snippet:-1, max-image-preview:large, max-video-preview:-1\" \/>\n<link rel=\"canonical\" href=\"https:\/\/thomasruckli.ch\/de\/prints\/\" \/>\n<meta property=\"og:locale\" content=\"de_DE\" \/>\n<meta property=\"og:type\" content=\"article\" \/>\n<meta property=\"og:title\" content=\"Prints - Thomas Ruckli Photography\" \/>\n<meta property=\"og:description\" content=\"Prints Previous Next You can already see one of my photos hanging in your room?I&#8217;m happy to sell you prints! Whether as posters or photo canvas, you can freely chooseContinue reading...Prints\" \/>\n<meta property=\"og:url\" content=\"https:\/\/thomasruckli.ch\/de\/prints\/\" \/>\n<meta property=\"og:site_name\" content=\"Thomas Ruckli Photography\" \/>\n<meta property=\"article:modified_time\" content=\"2020-09-16T08:08:05+00:00\" \/>\n<meta property=\"og:image\" content=\"https:\/\/thomasruckli.ch\/wp-content\/uploads\/2020\/09\/Northern-Raven.jpg\" \/>\n<meta name=\"twitter:card\" content=\"summary_large_image\" \/>\n<meta name=\"twitter:label1\" content=\"Gesch\u00e4tzte Lesezeit\" \/>\n\t<meta name=\"twitter:data1\" content=\"1\u00a0Minute\" \/>\n<script type=\"application\/ld+json\" class=\"yoast-schema-graph\">{\"@context\":\"https:\/\/schema.org\",\"@graph\":[{\"@type\":\"WebPage\",\"@id\":\"https:\/\/thomasruckli.ch\/prints\/\",\"url\":\"https:\/\/thomasruckli.ch\/prints\/\",\"name\":\"Prints - Thomas Ruckli Photography\",\"isPartOf\":{\"@id\":\"https:\/\/thomasruckli.ch\/#website\"},\"datePublished\":\"2020-09-12T20:55:22+00:00\",\"dateModified\":\"2020-09-16T08:08:05+00:00\",\"breadcrumb\":{\"@id\":\"https:\/\/thomasruckli.ch\/prints\/#breadcrumb\"},\"inLanguage\":\"de\",\"potentialAction\":[{\"@type\":\"ReadAction\",\"target\":[\"https:\/\/thomasruckli.ch\/prints\/\"]}]},{\"@type\":\"BreadcrumbList\",\"@id\":\"https:\/\/thomasruckli.ch\/prints\/#breadcrumb\",\"itemListElement\":[{\"@type\":\"ListItem\",\"position\":1,\"name\":\"Home\",\"item\":\"https:\/\/thomasruckli.ch\/\"},{\"@type\":\"ListItem\",\"position\":2,\"name\":\"Prints\"}]},{\"@type\":\"WebSite\",\"@id\":\"https:\/\/thomasruckli.ch\/#website\",\"url\":\"https:\/\/thomasruckli.ch\/\",\"name\":\"Thomas Ruckli Photography\",\"description\":\"My passion, my art, my life\",\"publisher\":{\"@id\":\"https:\/\/thomasruckli.ch\/#\/schema\/person\/0580682ef0a6ddabeb4c8df53bea357b\"},\"potentialAction\":[{\"@type\":\"SearchAction\",\"target\":{\"@type\":\"EntryPoint\",\"urlTemplate\":\"https:\/\/thomasruckli.ch\/?s={search_term_string}\"},\"query-input\":\"required name=search_term_string\"}],\"inLanguage\":\"de\"},{\"@type\":[\"Person\",\"Organization\"],\"@id\":\"https:\/\/thomasruckli.ch\/#\/schema\/person\/0580682ef0a6ddabeb4c8df53bea357b\",\"name\":\"Thomas Ruckli\",\"image\":{\"@type\":\"ImageObject\",\"inLanguage\":\"de\",\"@id\":\"https:\/\/thomasruckli.ch\/#\/schema\/person\/image\/\",\"url\":\"https:\/\/i1.wp.com\/thomasruckli.ch\/wp-content\/uploads\/2020\/03\/Asset-12.png?fit=1701%2C1389&ssl=1\",\"contentUrl\":\"https:\/\/i1.wp.com\/thomasruckli.ch\/wp-content\/uploads\/2020\/03\/Asset-12.png?fit=1701%2C1389&ssl=1\",\"width\":1701,\"height\":1389,\"caption\":\"Thomas Ruckli\"},\"logo\":{\"@id\":\"https:\/\/thomasruckli.ch\/#\/schema\/person\/image\/\"},\"description\":\"Thomas Ruckli Photography - Youth Photographer from Switzerland. Nature and Wildlife photography as well as other photography genres from another perspective - My passion, my art, my life\",\"sameAs\":[\"https:\/\/thomasruckli.ch\/\",\"instagram.com\/thomasruckli_photography\/\"]}]}<\/script>\n<!-- \/ Yoast SEO plugin. -->","yoast_head_json":{"title":"Prints - Thomas Ruckli Photography","robots":{"index":"index","follow":"follow","max-snippet":"max-snippet:-1","max-image-preview":"max-image-preview:large","max-video-preview":"max-video-preview:-1"},"canonical":"https:\/\/thomasruckli.ch\/de\/prints\/","og_locale":"de_DE","og_type":"article","og_title":"Prints - Thomas Ruckli Photography","og_description":"Prints Previous Next You can already see one of my photos hanging in your room?I&#8217;m happy to sell you prints! Whether as posters or photo canvas, you can freely chooseContinue reading...Prints","og_url":"https:\/\/thomasruckli.ch\/de\/prints\/","og_site_name":"Thomas Ruckli Photography","article_modified_time":"2020-09-16T08:08:05+00:00","og_image":[{"url":"https:\/\/thomasruckli.ch\/wp-content\/uploads\/2020\/09\/Northern-Raven.jpg"}],"twitter_card":"summary_large_image","twitter_misc":{"Gesch\u00e4tzte Lesezeit":"1\u00a0Minute"},"schema":{"@context":"https:\/\/schema.org","@graph":[{"@type":"WebPage","@id":"https:\/\/thomasruckli.ch\/prints\/","url":"https:\/\/thomasruckli.ch\/prints\/","name":"Prints - Thomas Ruckli Photography","isPartOf":{"@id":"https:\/\/thomasruckli.ch\/#website"},"datePublished":"2020-09-12T20:55:22+00:00","dateModified":"2020-09-16T08:08:05+00:00","breadcrumb":{"@id":"https:\/\/thomasruckli.ch\/prints\/#breadcrumb"},"inLanguage":"de","potentialAction":[{"@type":"ReadAction","target":["https:\/\/thomasruckli.ch\/prints\/"]}]},{"@type":"BreadcrumbList","@id":"https:\/\/thomasruckli.ch\/prints\/#breadcrumb","itemListElement":[{"@type":"ListItem","position":1,"name":"Home","item":"https:\/\/thomasruckli.ch\/"},{"@type":"ListItem","position":2,"name":"Prints"}]},{"@type":"WebSite","@id":"https:\/\/thomasruckli.ch\/#website","url":"https:\/\/thomasruckli.ch\/","name":"Thomas Ruckli Photography","description":"My passion, my art, my life","publisher":{"@id":"https:\/\/thomasruckli.ch\/#\/schema\/person\/0580682ef0a6ddabeb4c8df53bea357b"},"potentialAction":[{"@type":"SearchAction","target":{"@type":"EntryPoint","urlTemplate":"https:\/\/thomasruckli.ch\/?s={search_term_string}"},"query-input":"required name=search_term_string"}],"inLanguage":"de"},{"@type":["Person","Organization"],"@id":"https:\/\/thomasruckli.ch\/#\/schema\/person\/0580682ef0a6ddabeb4c8df53bea357b","name":"Thomas Ruckli","image":{"@type":"ImageObject","inLanguage":"de","@id":"https:\/\/thomasruckli.ch\/#\/schema\/person\/image\/","url":"https:\/\/i1.wp.com\/thomasruckli.ch\/wp-content\/uploads\/2020\/03\/Asset-12.png?fit=1701%2C1389&ssl=1","contentUrl":"https:\/\/i1.wp.com\/thomasruckli.ch\/wp-content\/uploads\/2020\/03\/Asset-12.png?fit=1701%2C1389&ssl=1","width":1701,"height":1389,"caption":"Thomas Ruckli"},"logo":{"@id":"https:\/\/thomasruckli.ch\/#\/schema\/person\/image\/"},"description":"Thomas Ruckli Photography - Youth Photographer from Switzerland. Nature and Wildlife photography as well as other photography genres from another perspective - My passion, my art, my life","sameAs":["https:\/\/thomasruckli.ch\/","instagram.com\/thomasruckli_photography\/"]}]}},"jetpack_sharing_enabled":true,"_links":{"self":[{"href":"https:\/\/thomasruckli.ch\/de\/wp-json\/wp\/v2\/pages\/846"}],"collection":[{"href":"https:\/\/thomasruckli.ch\/de\/wp-json\/wp\/v2\/pages"}],"about":[{"href":"https:\/\/thomasruckli.ch\/de\/wp-json\/wp\/v2\/types\/page"}],"author":[{"embeddable":true,"href":"https:\/\/thomasruckli.ch\/de\/wp-json\/wp\/v2\/users\/1"}],"replies":[{"embeddable":true,"href":"https:\/\/thomasruckli.ch\/de\/wp-json\/wp\/v2\/comments?post=846"}],"version-history":[{"count":43,"href":"https:\/\/thomasruckli.ch\/de\/wp-json\/wp\/v2\/pages\/846\/revisions"}],"predecessor-version":[{"id":894,"href":"https:\/\/thomasruckli.ch\/de\/wp-json\/wp\/v2\/pages\/846\/revisions\/894"}],"wp:attachment":[{"href":"https:\/\/thomasruckli.ch\/de\/wp-json\/wp\/v2\/media?parent=846"}],"curies":[{"name":"wp","href":"https:\/\/api.w.org\/{rel}","templated":true}]}}